{"id":2885,"date":"2025-11-22T00:05:22","date_gmt":"2025-11-21T23:05:22","guid":{"rendered":"https:\/\/institutmoulin.com\/?page_id=2885"},"modified":"2025-11-27T23:46:12","modified_gmt":"2025-11-27T22:46:12","slug":"accommodation","status":"publish","type":"page","link":"https:\/\/institutmoulin.com\/en\/accommodation\/","title":{"rendered":"Accommodation"},"content":{"rendered":"<div data-elementor-type=\"wp-page\" data-elementor-id=\"2885\" class=\"elementor elementor-2885\">\n\t\t\t\t\t\t<section class=\"elementor-section elementor-top-section elementor-element elementor-element-acbaed4 elementor-section-boxed elementor-section-height-default elementor-section-height-default\" data-id=\"acbaed4\" data-element_type=\"section\" data-e-type=\"section\">\n\t\t\t\t\t\t<div class=\"elementor-container elementor-column-gap-extended\">\n\t\t\t\t\t<div class=\"elementor-column elementor-col-100 elementor-top-column elementor-element elementor-element-991488b sc_layouts_column_icons_position_left\" data-id=\"991488b\" data-element_type=\"column\" data-e-type=\"column\">\n\t\t\t<div class=\"elementor-widget-wrap elementor-element-populated\">\n\t\t\t\t\t\t<div class=\"elementor-element elementor-element-559cca3 sc_fly_static elementor-widget elementor-widget-spacer\" data-id=\"559cca3\" data-element_type=\"widget\" data-e-type=\"widget\" data-widget_type=\"spacer.default\">\n\t\t\t\t<div class=\"elementor-widget-container\">\n\t\t\t\t\t\t\t<div class=\"elementor-spacer\">\n\t\t\t<div class=\"elementor-spacer-inner\"><\/div>\n\t\t<\/div>\n\t\t\t\t\t\t<\/div>\n\t\t\t\t<\/div>\n\t\t\t\t\t<\/div>\n\t\t<\/div>\n\t\t\t\t\t<\/div>\n\t\t<\/section>\n\t\t\t\t<section class=\"elementor-section elementor-top-section elementor-element elementor-element-d5b2fad elementor-section-boxed elementor-section-height-default elementor-section-height-default\" data-id=\"d5b2fad\" data-element_type=\"section\" data-e-type=\"section\" data-settings=\"{&quot;background_background&quot;:&quot;classic&quot;}\">\n\t\t\t\t\t\t<div class=\"elementor-container elementor-column-gap-extended\">\n\t\t\t\t\t<div class=\"elementor-column elementor-col-100 elementor-top-column elementor-element elementor-element-47df6d2 sc_layouts_column_icons_position_left\" data-id=\"47df6d2\" data-element_type=\"column\" data-e-type=\"column\">\n\t\t\t<div class=\"elementor-widget-wrap elementor-element-populated\">\n\t\t\t\t\t\t<div class=\"elementor-element elementor-element-99af984 sc_fly_static elementor-widget elementor-widget-trx_sc_layouts_title\" data-id=\"99af984\" data-element_type=\"widget\" data-e-type=\"widget\" data-widget_type=\"trx_sc_layouts_title.default\">\n\t\t\t\t<div class=\"elementor-widget-container\">\n\t\t\t\t\t<div id=\"trx_sc_layouts_title_355247579\" class=\"sc_layouts_title sc_align_left  trx_addons_inline_1670692995 with_content without_image without_tint fixed_height\"><div class=\"sc_layouts_title_content\"><div class=\"sc_layouts_title_breadcrumbs\"><div class=\"breadcrumbs\"><a class=\"breadcrumbs_item home\" href=\"https:\/\/institutmoulin.com\/en\/\">Home<\/a><span class=\"breadcrumbs_delimiter\"><\/span><span class=\"breadcrumbs_item current\">Accommodation<\/span><\/div><\/div><\/div><!-- .sc_layouts_title_content --><\/div><!-- \/.sc_layouts_title -->\t\t\t\t<\/div>\n\t\t\t\t<\/div>\n\t\t\t\t\t<\/div>\n\t\t<\/div>\n\t\t\t\t\t<\/div>\n\t\t<\/section>\n\t\t\t\t<section class=\"elementor-section elementor-top-section elementor-element elementor-element-a1986d4 elementor-section-boxed elementor-section-height-default elementor-section-height-default\" data-id=\"a1986d4\" data-element_type=\"section\" data-e-type=\"section\" data-settings=\"{&quot;background_background&quot;:&quot;classic&quot;}\">\n\t\t\t\t\t\t<div class=\"elementor-container elementor-column-gap-extended\">\n\t\t\t\t\t<div class=\"elementor-column elementor-col-100 elementor-top-column elementor-element elementor-element-98f5611 sc_layouts_column_icons_position_left\" data-id=\"98f5611\" data-element_type=\"column\" data-e-type=\"column\">\n\t\t\t<div class=\"elementor-widget-wrap elementor-element-populated\">\n\t\t\t\t\t\t<div class=\"elementor-element elementor-element-9f0ff33 sc_fly_static elementor-widget elementor-widget-trx_sc_layouts_title\" data-id=\"9f0ff33\" data-element_type=\"widget\" data-e-type=\"widget\" data-widget_type=\"trx_sc_layouts_title.default\">\n\t\t\t\t<div class=\"elementor-widget-container\">\n\t\t\t\t\t<div id=\"trx_sc_layouts_title_1211657025\" class=\"sc_layouts_title sc_align_left  trx_addons_inline_1559675061 with_content without_image without_tint fixed_height\"><div class=\"sc_layouts_title_content\"><div class=\"sc_layouts_title_title\">\t\t\t\t\t\t\t<h1 class=\"sc_layouts_title_caption\">Accommodation<\/h1>\n\t\t\t\t\t\t\t<\/div><\/div><!-- .sc_layouts_title_content --><\/div><!-- \/.sc_layouts_title -->\t\t\t\t<\/div>\n\t\t\t\t<\/div>\n\t\t\t\t\t<\/div>\n\t\t<\/div>\n\t\t\t\t\t<\/div>\n\t\t<\/section>\n\t\t\t\t<section class=\"elementor-section elementor-top-section elementor-element elementor-element-1eb0451 elementor-section-boxed elementor-section-height-default elementor-section-height-default\" data-id=\"1eb0451\" data-element_type=\"section\" data-e-type=\"section\">\n\t\t\t\t\t\t<div class=\"elementor-container elementor-column-gap-extended\">\n\t\t\t\t\t<div class=\"elementor-column elementor-col-100 elementor-top-column elementor-element elementor-element-5912cbe sc_layouts_column_icons_position_left\" data-id=\"5912cbe\" data-element_type=\"column\" data-e-type=\"column\">\n\t\t\t<div class=\"elementor-widget-wrap elementor-element-populated\">\n\t\t\t\t\t\t<div class=\"elementor-element elementor-element-4807ab3 sc_fly_static elementor-widget elementor-widget-text-editor\" data-id=\"4807ab3\" data-element_type=\"widget\" data-e-type=\"widget\" data-widget_type=\"text-editor.default\">\n\t\t\t\t<div class=\"elementor-widget-container\">\n\t\t\t\t\t\t\t\t\t<p>L\u2019institut Moulin vous propose deux types d\u2019h\u00e9bergement pour votre s\u00e9jour linguistique \u00e0 Montpellier\u00a0:<\/p><ul><li>\u00a0 \u00a0l\u2019h\u00e9bergement <strong>chez l\u2019habitant<\/strong><\/li><li>\u00a0 \u00a0l\u2019h\u00e9bergement <strong>en r\u00e9sidence h\u00f4teli\u00e8re<\/strong><\/li><\/ul><p><br \/>Pour les tarifs des h\u00e9bergements, cliquez pour consulter &gt;&gt;<\/p>\t\t\t\t\t\t\t\t<\/div>\n\t\t\t\t<\/div>\n\t\t\t\t<div class=\"elementor-element elementor-element-ee7b3d0 sc_fly_static elementor-widget elementor-widget-heading\" data-id=\"ee7b3d0\" data-element_type=\"widget\" data-e-type=\"widget\" data-widget_type=\"heading.default\">\n\t\t\t\t<div class=\"elementor-widget-container\">\n\t\t\t\t\t<h4 class=\"elementor-heading-title elementor-size-default\">H\u00e9bergement chez l\u2019habitant<\/h4>\t\t\t\t<\/div>\n\t\t\t\t<\/div>\n\t\t\t\t<div class=\"elementor-element elementor-element-4abc9da sc_fly_static elementor-widget elementor-widget-text-editor\" data-id=\"4abc9da\" data-element_type=\"widget\" data-e-type=\"widget\" data-widget_type=\"text-editor.default\">\n\t\t\t\t<div class=\"elementor-widget-container\">\n\t\t\t\t\t\t\t\t\t<p><em>Si vous souhaitez vous plongez dans le mode de vie des Fran\u00e7ais et vous mettre en situation d\u2019immersion totale, vous pouvez opter pour ce type d\u2019h\u00e9bergement. <\/em><br \/><br \/>Il existe trois formules diff\u00e9rentes\u00a0:<\/p><ul><li><strong>avec l\u2019acc\u00e8s cuisine<\/strong>. Votre famille vous r\u00e9servera un espace pour stocker de la nourriture dans le r\u00e9frig\u00e9rateur et dans un placard. Vous conviendrez avec elle des moments d\u2019acc\u00e8s \u00e0 la cuisine.\u00a0<\/li><li><strong>avec le petit d\u00e9jeuner<\/strong>. Votre famille vous proposera un petit d\u00e9jeuner. Le d\u00e9jeuner et le d\u00eener devront \u00eatre pris \u00e0 l\u2019ext\u00e9rieur.<\/li><li><strong>en 1\/2 pension<\/strong>. Votre famille se chargera du petit d\u00e9jeuner ainsi que du d\u00eener. Le d\u00e9jeuner devra \u00eatre pris \u00e0 l\u2019ext\u00e9rieur.<\/li><\/ul><p>\u00a0\u00a0\u00a0\u00a0\u00a0\u00a0\u00a0 <br \/>Afin de choisir pour vous\u00a0la famille la plus adapt\u00e9e, nous vous demanderons de r\u00e9pondre \u00e0 un questionnaire.\u00a0Vous pourrez \u00e9mettre certaines exigences, comme un mode d\u2019alimentation particulier (v\u00e9g\u00e9tarien, sans porc&#8230;), ou un mod\u00e8le familiale que vous pr\u00e9f\u00e9rez (famille sans enfant, non fumeur\u2026). <br \/><br \/>Les familles signent <strong>un contrat d\u2019h\u00e9bergement<\/strong> avec l\u2019institut pour vous garantir le meilleur accueil possible. En contrepartie, vous vous engagez \u00e0 respecter certaines r\u00e8gles vis-\u00e0-vis de la famille qui vous accueille (horaires des repas, utilisation des parties communes, nuisance sonore&#8230;).<\/p><p>Des <strong>r\u00e8gles sp\u00e9cifiques s&rsquo;appliquent aux \u00e9tudiants mineurs<\/strong>: autorisation parentale pr\u00e9alable, horaires de sortie, consommation d&rsquo;alcool&#8230;\u00a0<\/p>\t\t\t\t\t\t\t\t<\/div>\n\t\t\t\t<\/div>\n\t\t\t\t<div class=\"elementor-element elementor-element-d9293d1 sc_fly_static elementor-widget elementor-widget-image\" data-id=\"d9293d1\" data-element_type=\"widget\" data-e-type=\"widget\" data-widget_type=\"image.default\">\n\t\t\t\t<div class=\"elementor-widget-container\">\n\t\t\t\t\t\t\t\t\t\t\t\t\t\t\t<img fetchpriority=\"high\" decoding=\"async\" width=\"300\" height=\"200\" src=\"https:\/\/institutmoulin.com\/wp-content\/uploads\/2025\/11\/famille-accueil-300x200.jpg\" class=\"attachment-medium size-medium wp-image-3581\" alt=\"\" srcset=\"https:\/\/institutmoulin.com\/wp-content\/uploads\/2025\/11\/famille-accueil-300x200.jpg 300w, https:\/\/institutmoulin.com\/wp-content\/uploads\/2025\/11\/famille-accueil-1024x683.jpg 1024w, https:\/\/institutmoulin.com\/wp-content\/uploads\/2025\/11\/famille-accueil-768x512.jpg 768w, https:\/\/institutmoulin.com\/wp-content\/uploads\/2025\/11\/famille-accueil-18x12.jpg 18w, https:\/\/institutmoulin.com\/wp-content\/uploads\/2025\/11\/famille-accueil-370x247.jpg 370w, https:\/\/institutmoulin.com\/wp-content\/uploads\/2025\/11\/famille-accueil-760x507.jpg 760w, https:\/\/institutmoulin.com\/wp-content\/uploads\/2025\/11\/famille-accueil.jpg 1536w\" sizes=\"(max-width: 300px) 100vw, 300px\" \/>\t\t\t\t\t\t\t\t\t\t\t\t\t\t\t<\/div>\n\t\t\t\t<\/div>\n\t\t\t\t<div class=\"elementor-element elementor-element-ff3660c sc_fly_static elementor-widget elementor-widget-text-editor\" data-id=\"ff3660c\" data-element_type=\"widget\" data-e-type=\"widget\" data-widget_type=\"text-editor.default\">\n\t\t\t\t<div class=\"elementor-widget-container\">\n\t\t\t\t\t\t\t\t\t<p>\u00a0<strong>Votre famille d&rsquo;accueil viendra gratuitement vous chercher \u00e0 l\u2019a\u00e9roport ou \u00e0 la gare<\/strong> le jour de votre arriv\u00e9e et vous y d\u00e9posera le jour de votre d\u00e9part. Pour cela, vous devrez prendre contact avec elle, pour l\u2019informer de l\u2019heure de votre arriv\u00e9e. L\u2019institut Moulin vous communiquera les coordonn\u00e9es de votre famille d&rsquo;accueil apr\u00e8s votre inscription d\u00e9finitive.\u00a0<\/p><p>\u00a0<\/p><p><strong>Pour r\u00e9server votre voyage jusqu&rsquo;\u00e0 Montpellier, vous devez savoir que les arriv\u00e9es dans les familles se font le dimanche\u00a0et les d\u00e9parts le samedi.<\/strong> \u00a0<\/p>\t\t\t\t\t\t\t\t<\/div>\n\t\t\t\t<\/div>\n\t\t\t\t<div class=\"elementor-element elementor-element-19fa13f sc_fly_static elementor-widget elementor-widget-heading\" data-id=\"19fa13f\" data-element_type=\"widget\" data-e-type=\"widget\" data-widget_type=\"heading.default\">\n\t\t\t\t<div class=\"elementor-widget-container\">\n\t\t\t\t\t<h4 class=\"elementor-heading-title elementor-size-default\">H\u00e9bergement en r\u00e9sidence h\u00f4teli\u00e8re<\/h4>\t\t\t\t<\/div>\n\t\t\t\t<\/div>\n\t\t\t\t<div class=\"elementor-element elementor-element-5636a4b sc_fly_static elementor-widget elementor-widget-text-editor\" data-id=\"5636a4b\" data-element_type=\"widget\" data-e-type=\"widget\" data-widget_type=\"text-editor.default\">\n\t\t\t\t<div class=\"elementor-widget-container\">\n\t\t\t\t\t\t\t\t\t<p><em>Si vous d\u00e9sirez un h\u00e9bergement de standing, vous pouvez opter pour l\u2019h\u00e9bergement en r\u00e9sidence h\u00f4teli\u00e8re.<\/em><\/p><p>\u00a0<\/p><p><strong>L\u2019Institut Moulin se chargera de la r\u00e9servation<\/strong> de la chambre ou d\u2019un appartement dans un h\u00f4tel <strong>de standing<\/strong>. <br \/><br \/>Pour cela, vous devez en faire la demande \u00e0 l\u2019Institut Moulin qui vous adressera<strong> un devis<\/strong>. <br \/><br \/><strong>Le transfert de l\u2019a\u00e9roport ou de la gare \u00e0 l\u2019h\u00f4tel est \u00e0 votre charge<\/strong> et s\u2019effectue par vos propres moyens.<\/p><p>L&rsquo;Institut Moulin vous communiquera les coordonn\u00e9es de votre r\u00e9sidence h\u00f4teli\u00e8re apr\u00e8s votre inscription d\u00e9finitive.<\/p>\t\t\t\t\t\t\t\t<\/div>\n\t\t\t\t<\/div>\n\t\t\t\t\t<\/div>\n\t\t<\/div>\n\t\t\t\t\t<\/div>\n\t\t<\/section>\n\t\t\t\t<section class=\"elementor-section elementor-top-section elementor-element elementor-element-daf90c7 elementor-section-boxed elementor-section-height-default elementor-section-height-default\" data-id=\"daf90c7\" data-element_type=\"section\" data-e-type=\"section\">\n\t\t\t\t\t\t<div class=\"elementor-container elementor-column-gap-extended\">\n\t\t\t\t\t<div class=\"elementor-column elementor-col-100 elementor-top-column elementor-element elementor-element-2fa2a3b sc_layouts_column_icons_position_left\" data-id=\"2fa2a3b\" data-element_type=\"column\" data-e-type=\"column\">\n\t\t\t<div class=\"elementor-widget-wrap elementor-element-populated\">\n\t\t\t\t\t\t<div class=\"elementor-element elementor-element-84e9b23 sc_fly_static elementor-widget elementor-widget-spacer\" data-id=\"84e9b23\" data-element_type=\"widget\" data-e-type=\"widget\" data-widget_type=\"spacer.default\">\n\t\t\t\t<div class=\"elementor-widget-container\">\n\t\t\t\t\t\t\t<div class=\"elementor-spacer\">\n\t\t\t<div class=\"elementor-spacer-inner\"><\/div>\n\t\t<\/div>\n\t\t\t\t\t\t<\/div>\n\t\t\t\t<\/div>\n\t\t\t\t\t<\/div>\n\t\t<\/div>\n\t\t\t\t\t<\/div>\n\t\t<\/section>\n\t\t\t\t<\/div>","protected":false},"excerpt":{"rendered":"<p>HomeAccommodation Accommodation L\u2019institut Moulin vous propose deux types d\u2019h\u00e9bergement pour votre s\u00e9jour linguistique \u00e0 Montpellier\u00a0: \u00a0 \u00a0l\u2019h\u00e9bergement chez l\u2019habitant \u00a0&hellip;<\/p>","protected":false},"author":1,"featured_media":0,"parent":0,"menu_order":0,"comment_status":"closed","ping_status":"closed","template":"","meta":{"_themeisle_gutenberg_block_has_review":false,"footnotes":""},"class_list":["post-2885","page","type-page","status-publish","hentry"],"_links":{"self":[{"href":"https:\/\/institutmoulin.com\/en\/wp-json\/wp\/v2\/pages\/2885","targetHints":{"allow":["GET"]}}],"collection":[{"href":"https:\/\/institutmoulin.com\/en\/wp-json\/wp\/v2\/pages"}],"about":[{"href":"https:\/\/institutmoulin.com\/en\/wp-json\/wp\/v2\/types\/page"}],"author":[{"embeddable":true,"href":"https:\/\/institutmoulin.com\/en\/wp-json\/wp\/v2\/users\/1"}],"replies":[{"embeddable":true,"href":"https:\/\/institutmoulin.com\/en\/wp-json\/wp\/v2\/comments?post=2885"}],"version-history":[{"count":28,"href":"https:\/\/institutmoulin.com\/en\/wp-json\/wp\/v2\/pages\/2885\/revisions"}],"predecessor-version":[{"id":3799,"href":"https:\/\/institutmoulin.com\/en\/wp-json\/wp\/v2\/pages\/2885\/revisions\/3799"}],"wp:attachment":[{"href":"https:\/\/institutmoulin.com\/en\/wp-json\/wp\/v2\/media?parent=2885"}],"curies":[{"name":"wp","href":"https:\/\/api.w.org\/{rel}","templated":true}]}}