{"id":2897,"date":"2025-11-22T11:27:55","date_gmt":"2025-11-22T10:27:55","guid":{"rendered":"https:\/\/institutmoulin.com\/?page_id=2897"},"modified":"2025-12-17T10:56:04","modified_gmt":"2025-12-17T09:56:04","slug":"cours-du-soir","status":"publish","type":"page","link":"https:\/\/institutmoulin.com\/en\/cours-du-soir\/","title":{"rendered":"Evening Classes"},"content":{"rendered":"<div data-elementor-type=\"wp-page\" data-elementor-id=\"2897\" class=\"elementor elementor-2897\">\n\t\t\t\t\t\t<section class=\"elementor-section elementor-top-section elementor-element elementor-element-16c365f elementor-section-boxed elementor-section-height-default elementor-section-height-default\" data-id=\"16c365f\" data-element_type=\"section\" data-e-type=\"section\" data-settings=\"{&quot;background_background&quot;:&quot;classic&quot;}\">\n\t\t\t\t\t\t<div class=\"elementor-container elementor-column-gap-extended\">\n\t\t\t\t\t<div class=\"elementor-column elementor-col-100 elementor-top-column elementor-element elementor-element-1f289a6 sc_layouts_column_icons_position_left\" data-id=\"1f289a6\" data-element_type=\"column\" data-e-type=\"column\">\n\t\t\t<div class=\"elementor-widget-wrap elementor-element-populated\">\n\t\t\t\t\t\t<div class=\"elementor-element elementor-element-9da86f3 sc_fly_static elementor-widget elementor-widget-trx_sc_layouts_title\" data-id=\"9da86f3\" data-element_type=\"widget\" data-e-type=\"widget\" data-widget_type=\"trx_sc_layouts_title.default\">\n\t\t\t\t<div class=\"elementor-widget-container\">\n\t\t\t\t\t<div id=\"trx_sc_layouts_title_160523517\" class=\"sc_layouts_title sc_align_left  trx_addons_inline_57920883 with_content without_image without_tint fixed_height\"><div class=\"sc_layouts_title_content\"><div class=\"sc_layouts_title_breadcrumbs\"><div class=\"breadcrumbs\"><a class=\"breadcrumbs_item home\" href=\"https:\/\/institutmoulin.com\/en\/\">Home<\/a><span class=\"breadcrumbs_delimiter\"><\/span><span class=\"breadcrumbs_item current\">Evening Classes<\/span><\/div><\/div><\/div><!-- .sc_layouts_title_content --><\/div><!-- \/.sc_layouts_title -->\t\t\t\t<\/div>\n\t\t\t\t<\/div>\n\t\t\t\t\t<\/div>\n\t\t<\/div>\n\t\t\t\t\t<\/div>\n\t\t<\/section>\n\t\t\t\t<section class=\"elementor-section elementor-top-section elementor-element elementor-element-a59f9ac elementor-section-boxed elementor-section-height-default elementor-section-height-default\" data-id=\"a59f9ac\" data-element_type=\"section\" data-e-type=\"section\" data-settings=\"{&quot;background_background&quot;:&quot;classic&quot;}\">\n\t\t\t\t\t\t<div class=\"elementor-container elementor-column-gap-extended\">\n\t\t\t\t\t<div class=\"elementor-column elementor-col-100 elementor-top-column elementor-element elementor-element-f13f5dd sc_layouts_column_icons_position_left\" data-id=\"f13f5dd\" data-element_type=\"column\" data-e-type=\"column\">\n\t\t\t<div class=\"elementor-widget-wrap elementor-element-populated\">\n\t\t\t\t\t\t<div class=\"elementor-element elementor-element-1f1c8c4 sc_fly_static elementor-widget elementor-widget-trx_sc_layouts_title\" data-id=\"1f1c8c4\" data-element_type=\"widget\" data-e-type=\"widget\" data-widget_type=\"trx_sc_layouts_title.default\">\n\t\t\t\t<div class=\"elementor-widget-container\">\n\t\t\t\t\t<div id=\"trx_sc_layouts_title_404368297\" class=\"sc_layouts_title sc_align_left  trx_addons_inline_1403641950 with_content without_image without_tint fixed_height\"><div class=\"sc_layouts_title_content\"><div class=\"sc_layouts_title_title\">\t\t\t\t\t\t\t<h1 class=\"sc_layouts_title_caption\">Evening Classes<\/h1>\n\t\t\t\t\t\t\t<\/div><\/div><!-- .sc_layouts_title_content --><\/div><!-- \/.sc_layouts_title -->\t\t\t\t<\/div>\n\t\t\t\t<\/div>\n\t\t\t\t\t<\/div>\n\t\t<\/div>\n\t\t\t\t\t<\/div>\n\t\t<\/section>\n\t\t\t\t<section class=\"elementor-section elementor-top-section elementor-element elementor-element-8bbc64d elementor-section-boxed elementor-section-height-default elementor-section-height-default\" data-id=\"8bbc64d\" data-element_type=\"section\" data-e-type=\"section\">\n\t\t\t\t\t\t<div class=\"elementor-container elementor-column-gap-extended\">\n\t\t\t\t\t<div class=\"elementor-column elementor-col-50 elementor-top-column elementor-element elementor-element-9ea4ded sc_layouts_column_icons_position_left\" data-id=\"9ea4ded\" data-element_type=\"column\" data-e-type=\"column\">\n\t\t\t<div class=\"elementor-widget-wrap elementor-element-populated\">\n\t\t\t\t\t\t<div class=\"elementor-element elementor-element-7fd30d4 sc_fly_static elementor-widget elementor-widget-text-editor\" data-id=\"7fd30d4\" data-element_type=\"widget\" data-e-type=\"widget\" data-widget_type=\"text-editor.default\">\n\t\t\t\t<div class=\"elementor-widget-container\">\n\t\t\t\t\t\t\t\t\t<h6 style=\"text-align: center;\">Do you live in Montpellier and aren\u2019t available during the day? Our evening classes are the perfect option.\u00a0<\/h6><p style=\"text-align: center;\">Each week, a new grammatical and lexical concept is introduced. We make sure to work on the four language skills, namely listening comprehension, speaking, reading comprehension, and writing, but class time is mainly devoted to oral practice. Written exercises are assigned as homework. We are committed to creating a friendly atmosphere that encourages communication.<\/p>\t\t\t\t\t\t\t\t<\/div>\n\t\t\t\t<\/div>\n\t\t\t\t\t<\/div>\n\t\t<\/div>\n\t\t\t\t<div class=\"elementor-column elementor-col-50 elementor-top-column elementor-element elementor-element-178affa sc_layouts_column_icons_position_left\" data-id=\"178affa\" data-element_type=\"column\" data-e-type=\"column\">\n\t\t\t<div class=\"elementor-widget-wrap elementor-element-populated\">\n\t\t\t\t\t\t<div class=\"elementor-element elementor-element-99f3732 elementor-widget__width-inherit elementor-widget-mobile__width-initial sc_fly_static elementor-widget elementor-widget-image\" data-id=\"99f3732\" data-element_type=\"widget\" data-e-type=\"widget\" data-widget_type=\"image.default\">\n\t\t\t\t<div class=\"elementor-widget-container\">\n\t\t\t\t\t\t\t\t\t\t\t\t\t\t\t<img fetchpriority=\"high\" decoding=\"async\" width=\"843\" height=\"1121\" src=\"https:\/\/institutmoulin.com\/wp-content\/uploads\/2025\/12\/WhatsApp-Image-2025-12-15-at-09.25.57.jpeg\" class=\"attachment-2048x2048 size-2048x2048 wp-image-4598\" alt=\"\" srcset=\"https:\/\/institutmoulin.com\/wp-content\/uploads\/2025\/12\/WhatsApp-Image-2025-12-15-at-09.25.57.jpeg 843w, https:\/\/institutmoulin.com\/wp-content\/uploads\/2025\/12\/WhatsApp-Image-2025-12-15-at-09.25.57-226x300.jpeg 226w, https:\/\/institutmoulin.com\/wp-content\/uploads\/2025\/12\/WhatsApp-Image-2025-12-15-at-09.25.57-770x1024.jpeg 770w, https:\/\/institutmoulin.com\/wp-content\/uploads\/2025\/12\/WhatsApp-Image-2025-12-15-at-09.25.57-768x1021.jpeg 768w, https:\/\/institutmoulin.com\/wp-content\/uploads\/2025\/12\/WhatsApp-Image-2025-12-15-at-09.25.57-9x12.jpeg 9w, https:\/\/institutmoulin.com\/wp-content\/uploads\/2025\/12\/WhatsApp-Image-2025-12-15-at-09.25.57-370x493.jpeg 370w, https:\/\/institutmoulin.com\/wp-content\/uploads\/2025\/12\/WhatsApp-Image-2025-12-15-at-09.25.57-760x1011.jpeg 760w\" sizes=\"(max-width: 843px) 100vw, 843px\" \/>\t\t\t\t\t\t\t\t\t\t\t\t\t\t\t<\/div>\n\t\t\t\t<\/div>\n\t\t\t\t\t<\/div>\n\t\t<\/div>\n\t\t\t\t\t<\/div>\n\t\t<\/section>\n\t\t\t\t<section class=\"elementor-section elementor-top-section elementor-element elementor-element-1e29297b elementor-section-boxed elementor-section-height-default elementor-section-height-default\" data-id=\"1e29297b\" data-element_type=\"section\" data-e-type=\"section\">\n\t\t\t\t\t\t<div class=\"elementor-container elementor-column-gap-extended\">\n\t\t\t\t\t<div class=\"elementor-column elementor-col-100 elementor-top-column elementor-element elementor-element-3b4bfba7 sc_layouts_column_icons_position_left\" data-id=\"3b4bfba7\" data-element_type=\"column\" data-e-type=\"column\">\n\t\t\t<div class=\"elementor-widget-wrap elementor-element-populated\">\n\t\t\t\t\t\t<div class=\"elementor-element elementor-element-238418a4 elementor-widget__width-inherit sc_fly_static elementor-widget elementor-widget-text-editor\" data-id=\"238418a4\" data-element_type=\"widget\" data-e-type=\"widget\" data-widget_type=\"text-editor.default\">\n\t\t\t\t<div class=\"elementor-widget-container\">\n\t\t\t\t\t\t\t\t\t<p>\u00a0<\/p><table width=\"100%\"><tbody><tr><td width=\"50%\"><p style=\"text-align: center;\"><strong>C1<\/strong><br \/><strong>Expert<br \/>General Course<span style=\"color: #008000;\">\u00a9<\/span><\/strong><\/p><p style=\"text-align: center;\"><strong>+option<br \/>Conversation<span style=\"color: #008000;\">\u00a0<span style=\"color: #008000;\">\u00a9<\/span><\/span><\/strong><\/p><\/td><td width=\"49%\"><p style=\"text-align: center;\"><strong>10.00-12.00<\/strong><br \/>Every second Saturday<\/p><p style=\"text-align: center;\"><strong>18.00-19.30<\/strong><br \/>Thursday<\/p><\/td><\/tr><tr><td width=\"50%\"><p style=\"text-align: center;\"><strong>B2<\/strong><br \/><strong>Advanced<span style=\"color: #008000;\">\u00a9<\/span><\/strong><\/p><\/td><td style=\"text-align: center;\" width=\"49%\"><p><strong>18.00-19.30<br \/><\/strong>Tuesday<br \/>Thursday<\/p><\/td><\/tr><tr><td style=\"text-align: center;\" width=\"50%\"><p><strong>B1<\/strong><br \/><strong>Intermediate<span style=\"color: #008000;\">\u00a9<\/span><\/strong><\/p><\/td><td width=\"49%\"><p style=\"text-align: center;\"><strong>18.00-19.30<\/strong><br \/>Monday<br \/>Wednesday<\/p><\/td><\/tr><tr><td width=\"50%\"><p style=\"text-align: center;\"><strong>A2<\/strong><br \/><strong>False Beginner<span style=\"color: #008000;\">\u00a9<\/span><\/strong><\/p><\/td><td style=\"text-align: center;\" width=\"49%\"><p><strong>18.00-19.30<\/strong><br \/>Monday<br \/>Wednesday<\/p><\/td><\/tr><tr><td style=\"text-align: center;\" width=\"50%\"><p><strong>A1<\/strong><br \/><strong>Beginner<span style=\"color: #ff6600;\">\u00a9<\/span><\/strong><\/p><\/td><td width=\"49%\"><p style=\"text-align: center;\"><strong>16.15-17.45<\/strong><br \/>Tuesday<br \/>Thursday<\/p><\/td><\/tr><tr><td style=\"text-align: center;\" width=\"50%\"><p><strong>A1<\/strong><br \/><strong>Beginner<span style=\"color: #ff6600;\">\u00a9<\/span><\/strong><\/p><\/td><td width=\"49%\"><p style=\"text-align: center;\"><strong>14.30-16.00<\/strong><br \/>Tuesday<br \/>Thursday<\/p><\/td><\/tr><tr><td colspan=\"2\" width=\"100%\"><p><strong><span style=\"color: #008000;\">\u00a9<\/span>\u00a0<\/strong><strong>Open for enrollment<\/strong><\/p><\/td><\/tr><tr><td colspan=\"2\" width=\"100%\"><p><strong><span style=\"color: #ff6600;\">\u00a9<\/span>\u00a0<\/strong><strong>On the waiting list, subject to a minimum number of registrations to form a group (minimum of 4 people).<\/strong><\/p><\/td><\/tr><\/tbody><\/table><div>\u00a0<\/div><div><p style=\"text-align: center;\">\u00a0<\/p><\/div>\t\t\t\t\t\t\t\t<\/div>\n\t\t\t\t<\/div>\n\t\t\t\t\t<\/div>\n\t\t<\/div>\n\t\t\t\t\t<\/div>\n\t\t<\/section>\n\t\t\t\t<section class=\"elementor-section elementor-top-section elementor-element elementor-element-d210c0c elementor-section-boxed elementor-section-height-default elementor-section-height-default\" data-id=\"d210c0c\" data-element_type=\"section\" data-e-type=\"section\">\n\t\t\t\t\t\t<div class=\"elementor-container elementor-column-gap-extended\">\n\t\t\t\t\t<div class=\"elementor-column elementor-col-50 elementor-top-column elementor-element elementor-element-3e50ae9 sc_layouts_column_icons_position_left\" data-id=\"3e50ae9\" data-element_type=\"column\" data-e-type=\"column\">\n\t\t\t<div class=\"elementor-widget-wrap elementor-element-populated\">\n\t\t\t\t\t\t<div class=\"elementor-element elementor-element-a40a107 scheme_default sc_fly_static elementor-widget elementor-widget-text-editor\" data-id=\"a40a107\" data-element_type=\"widget\" data-e-type=\"widget\" data-widget_type=\"text-editor.default\">\n\t\t\t\t<div class=\"elementor-widget-container\">\n\t\t\t\t\t\t\t\t\t<h5 style=\"text-align: center;\">Join our small groups with qualified teachers in pleasant classrooms!<\/h5>\t\t\t\t\t\t\t\t<\/div>\n\t\t\t\t<\/div>\n\t\t\t\t\t<\/div>\n\t\t<\/div>\n\t\t\t\t<div class=\"elementor-column elementor-col-50 elementor-top-column elementor-element elementor-element-6f9dfa9 sc_layouts_column_icons_position_left\" data-id=\"6f9dfa9\" data-element_type=\"column\" data-e-type=\"column\">\n\t\t\t<div class=\"elementor-widget-wrap elementor-element-populated\">\n\t\t\t\t\t\t<div class=\"elementor-element elementor-element-54ae560 elementor-widget__width-initial sc_fly_static elementor-widget elementor-widget-image\" data-id=\"54ae560\" data-element_type=\"widget\" data-e-type=\"widget\" data-widget_type=\"image.default\">\n\t\t\t\t<div class=\"elementor-widget-container\">\n\t\t\t\t\t\t\t\t\t\t\t\t\t\t\t<img decoding=\"async\" width=\"501\" height=\"295\" src=\"https:\/\/institutmoulin.com\/wp-content\/uploads\/2025\/12\/photo-fb-5-2.png\" class=\"attachment-large size-large wp-image-4618\" alt=\"\" srcset=\"https:\/\/institutmoulin.com\/wp-content\/uploads\/2025\/12\/photo-fb-5-2.png 501w, https:\/\/institutmoulin.com\/wp-content\/uploads\/2025\/12\/photo-fb-5-2-300x177.png 300w, https:\/\/institutmoulin.com\/wp-content\/uploads\/2025\/12\/photo-fb-5-2-18x12.png 18w, https:\/\/institutmoulin.com\/wp-content\/uploads\/2025\/12\/photo-fb-5-2-370x218.png 370w\" sizes=\"(max-width: 501px) 100vw, 501px\" \/>\t\t\t\t\t\t\t\t\t\t\t\t\t\t\t<\/div>\n\t\t\t\t<\/div>\n\t\t\t\t\t<\/div>\n\t\t<\/div>\n\t\t\t\t\t<\/div>\n\t\t<\/section>\n\t\t\t\t<section class=\"elementor-section elementor-top-section elementor-element elementor-element-1ac43eb elementor-section-boxed elementor-section-height-default elementor-section-height-default\" data-id=\"1ac43eb\" data-element_type=\"section\" data-e-type=\"section\">\n\t\t\t\t\t\t<div class=\"elementor-container elementor-column-gap-extended\">\n\t\t\t\t\t<div class=\"elementor-column elementor-col-100 elementor-top-column elementor-element elementor-element-af40fe0 sc_layouts_column_icons_position_left\" data-id=\"af40fe0\" data-element_type=\"column\" data-e-type=\"column\">\n\t\t\t<div class=\"elementor-widget-wrap elementor-element-populated\">\n\t\t\t\t\t\t<div class=\"elementor-element elementor-element-751c289 sc_fly_static elementor-widget elementor-widget-text-editor\" data-id=\"751c289\" data-element_type=\"widget\" data-e-type=\"widget\" data-widget_type=\"text-editor.default\">\n\t\t\t\t<div class=\"elementor-widget-container\">\n\t\t\t\t\t\t\t\t\t<h5 style=\"text-align: center;\">PRICES<\/h5><table width=\"100%\"><tbody><tr><td width=\"50%\"><p><strong>\u00a0<\/strong><strong>C1<br \/>Expert<br \/>General Course<span style=\"color: #008000;\">\u00a9<\/span><\/strong><\/p><p><strong>+option<br \/>Conversation<\/strong><strong><span style=\"color: #008000;\">\u00a9<\/span><\/strong><\/p><\/td><td width=\"49%\"><p>530\u20ac\/year<strong><br \/><\/strong>or<strong><br \/><\/strong>215\u20ac\/Term 1<strong><br \/><\/strong>215\u20ac\/Trem 2<strong><br \/><\/strong>110\u20ac\/Trem 3<\/p><p>80\u20ac\/Month<\/p><\/td><\/tr><tr><td width=\"50%\"><p><strong>B2<\/strong><br \/><strong>Advanced<\/strong><strong><span style=\"color: #008000;\">\u00a9<\/span><\/strong><\/p><\/td><td width=\"49%\"><p>160\u20ac\/Month\u00a0<\/p><\/td><\/tr><tr><td width=\"50%\"><p><strong>B1<\/strong><br \/><strong>Intermediate<\/strong><strong><span style=\"color: #008000;\">\u00a9<\/span><\/strong><\/p><\/td><td width=\"49%\"><p>160\u20ac\/Month\u00a0<\/p><\/td><\/tr><tr><td width=\"50%\"><p><strong>A2<\/strong><br \/><strong>False Beginner<\/strong><strong><span style=\"color: #008000;\">\u00a9<\/span><\/strong><\/p><\/td><td width=\"49%\"><p>160\u20ac\/Month\u00a0<\/p><\/td><\/tr><tr><td width=\"50%\"><p><strong>A1<\/strong><br \/><strong>Beginner<span style=\"color: #ff6600;\">\u00a9<\/span><\/strong><\/p><\/td><td width=\"49%\"><p>160\u20ac\/Month\u00a0<\/p><\/td><\/tr><tr><td width=\"50%\"><p><strong>A1<\/strong><br \/><strong>Beginner<\/strong><strong><span style=\"color: #ff6600;\">\u00a9<\/span><\/strong><\/p><\/td><td width=\"49%\"><p>160\u20ac\/Month\u00a0<\/p><\/td><\/tr><tr><td colspan=\"2\" width=\"100%\"><p style=\"text-align: center;\"><strong>+ Registration fees 75\u20ac<\/strong><\/p><\/td><\/tr><\/tbody><\/table><h5 style=\"text-align: center;\"><span style=\"font-weight: 800;\">REGISTRATION\u00a0<\/span><\/h5><p>\u00a0<\/p>\t\t\t\t\t\t\t\t<\/div>\n\t\t\t\t<\/div>\n\t\t\t\t\t<\/div>\n\t\t<\/div>\n\t\t\t\t\t<\/div>\n\t\t<\/section>\n\t\t\t\t<section class=\"elementor-section elementor-top-section elementor-element elementor-element-7cf0852 elementor-section-boxed elementor-section-height-default elementor-section-height-default\" data-id=\"7cf0852\" data-element_type=\"section\" data-e-type=\"section\">\n\t\t\t\t\t\t<div class=\"elementor-container elementor-column-gap-extended\">\n\t\t\t\t\t<div class=\"elementor-column elementor-col-33 elementor-top-column elementor-element elementor-element-e275b89 sc_layouts_column_icons_position_left\" data-id=\"e275b89\" data-element_type=\"column\" data-e-type=\"column\">\n\t\t\t<div class=\"elementor-widget-wrap elementor-element-populated\">\n\t\t\t\t\t\t<div class=\"elementor-element elementor-element-83cadc2 elementor-widget__width-initial sc_fly_static elementor-widget elementor-widget-text-editor\" data-id=\"83cadc2\" data-element_type=\"widget\" data-e-type=\"widget\" data-widget_type=\"text-editor.default\">\n\t\t\t\t<div class=\"elementor-widget-container\">\n\t\t\t\t\t\t\t\t\t<h5 style=\"text-align: center;\"><strong>Pour vous inscrire, contactez-nous !<\/strong><\/h5>\t\t\t\t\t\t\t\t<\/div>\n\t\t\t\t<\/div>\n\t\t\t\t\t<\/div>\n\t\t<\/div>\n\t\t\t\t<div class=\"elementor-column elementor-col-66 elementor-top-column elementor-element elementor-element-deb3d5f sc_layouts_column_icons_position_left\" data-id=\"deb3d5f\" data-element_type=\"column\" data-e-type=\"column\">\n\t\t\t<div class=\"elementor-widget-wrap elementor-element-populated\">\n\t\t\t\t\t\t<div class=\"elementor-element elementor-element-d09cda3 elementor-widget__width-initial sc_fly_static elementor-widget elementor-widget-text-editor\" data-id=\"d09cda3\" data-element_type=\"widget\" data-e-type=\"widget\" data-widget_type=\"text-editor.default\">\n\t\t\t\t<div class=\"elementor-widget-container\">\n\t\t\t\t\t\t\t\t\t<p style=\"text-align: center;\"><strong>Conditions<\/strong><\/p><ul><li style=\"text-align: left;\">You commit to a minimum of one month\u00a0<\/li><li style=\"text-align: left;\">Courses are paid in advance, at the beginning of the month.<\/li><li style=\"text-align: left;\">No evening classes in July\u2013August<\/li><\/ul>\t\t\t\t\t\t\t\t<\/div>\n\t\t\t\t<\/div>\n\t\t\t\t\t<\/div>\n\t\t<\/div>\n\t\t\t\t\t<\/div>\n\t\t<\/section>\n\t\t\t\t<section class=\"elementor-section elementor-top-section elementor-element elementor-element-97833b7 elementor-section-boxed elementor-section-height-default elementor-section-height-default\" data-id=\"97833b7\" data-element_type=\"section\" data-e-type=\"section\">\n\t\t\t\t\t\t<div class=\"elementor-container elementor-column-gap-extended\">\n\t\t\t\t\t<div class=\"elementor-column elementor-col-100 elementor-top-column elementor-element elementor-element-55407c7 sc_layouts_column_icons_position_left\" data-id=\"55407c7\" data-element_type=\"column\" data-e-type=\"column\">\n\t\t\t<div class=\"elementor-widget-wrap elementor-element-populated\">\n\t\t\t\t\t\t<div class=\"elementor-element elementor-element-a25d179 sc_fly_static elementor-widget elementor-widget-text-editor\" data-id=\"a25d179\" data-element_type=\"widget\" data-e-type=\"widget\" data-widget_type=\"text-editor.default\">\n\t\t\t\t<div class=\"elementor-widget-container\">\n\t\t\t\t\t\t\t\t\t<p>\u00a0<\/p><p style=\"text-align: center;\">If you don\u2019t know your level, take the online placement test.<\/p><p style=\"text-align: center;\"><a href=\"https:\/\/forms.gle\/HZVuW9q88Mpd1cv76\">ONLINE PLACEMENT TEST<\/a><\/p><p style=\"text-align: center;\">Fill out the registration form.<\/p><p style=\"text-align: center;\"><a href=\"https:\/\/forms.gle\/v8izEbmeCjVHsuBi9\">REGISTRATION FORM<\/a><\/p>\t\t\t\t\t\t\t\t<\/div>\n\t\t\t\t<\/div>\n\t\t\t\t\t<\/div>\n\t\t<\/div>\n\t\t\t\t\t<\/div>\n\t\t<\/section>\n\t\t\t\t<\/div>","protected":false},"excerpt":{"rendered":"<p>HomeCours du soir Cours du soir Vous habitez \u00e0 Montpellier et vous n&rsquo;\u00eates pas disponible en journ\u00e9e, optez pour les&hellip;<\/p>","protected":false},"author":1,"featured_media":0,"parent":0,"menu_order":0,"comment_status":"closed","ping_status":"closed","template":"elementor_theme","meta":{"_themeisle_gutenberg_block_has_review":false,"footnotes":""},"class_list":["post-2897","page","type-page","status-publish","hentry"],"_links":{"self":[{"href":"https:\/\/institutmoulin.com\/en\/wp-json\/wp\/v2\/pages\/2897","targetHints":{"allow":["GET"]}}],"collection":[{"href":"https:\/\/institutmoulin.com\/en\/wp-json\/wp\/v2\/pages"}],"about":[{"href":"https:\/\/institutmoulin.com\/en\/wp-json\/wp\/v2\/types\/page"}],"author":[{"embeddable":true,"href":"https:\/\/institutmoulin.com\/en\/wp-json\/wp\/v2\/users\/1"}],"replies":[{"embeddable":true,"href":"https:\/\/institutmoulin.com\/en\/wp-json\/wp\/v2\/comments?post=2897"}],"version-history":[{"count":255,"href":"https:\/\/institutmoulin.com\/en\/wp-json\/wp\/v2\/pages\/2897\/revisions"}],"predecessor-version":[{"id":4653,"href":"https:\/\/institutmoulin.com\/en\/wp-json\/wp\/v2\/pages\/2897\/revisions\/4653"}],"wp:attachment":[{"href":"https:\/\/institutmoulin.com\/en\/wp-json\/wp\/v2\/media?parent=2897"}],"curies":[{"name":"wp","href":"https:\/\/api.w.org\/{rel}","templated":true}]}}