{"id":3540,"date":"2025-11-25T20:00:51","date_gmt":"2025-11-25T19:00:51","guid":{"rendered":"https:\/\/institutmoulin.com\/?page_id=3540"},"modified":"2025-11-27T23:41:47","modified_gmt":"2025-11-27T22:41:47","slug":"qui-sommes-nous","status":"publish","type":"page","link":"https:\/\/institutmoulin.com\/en\/qui-sommes-nous\/","title":{"rendered":"About Us"},"content":{"rendered":"<div data-elementor-type=\"wp-page\" data-elementor-id=\"3540\" class=\"elementor elementor-3540\">\n\t\t\t\t\t\t<section class=\"elementor-section elementor-top-section elementor-element elementor-element-81ca0fe elementor-section-boxed elementor-section-height-default elementor-section-height-default\" data-id=\"81ca0fe\" data-element_type=\"section\" data-e-type=\"section\">\n\t\t\t\t\t\t<div class=\"elementor-container elementor-column-gap-extended\">\n\t\t\t\t\t<div class=\"elementor-column elementor-col-100 elementor-top-column elementor-element elementor-element-ce060f3 sc_layouts_column_icons_position_left\" data-id=\"ce060f3\" data-element_type=\"column\" data-e-type=\"column\">\n\t\t\t<div class=\"elementor-widget-wrap elementor-element-populated\">\n\t\t\t\t\t\t<div class=\"elementor-element elementor-element-57837ba sc_fly_static elementor-widget elementor-widget-spacer\" data-id=\"57837ba\" data-element_type=\"widget\" data-e-type=\"widget\" data-widget_type=\"spacer.default\">\n\t\t\t\t<div class=\"elementor-widget-container\">\n\t\t\t\t\t\t\t<div class=\"elementor-spacer\">\n\t\t\t<div class=\"elementor-spacer-inner\"><\/div>\n\t\t<\/div>\n\t\t\t\t\t\t<\/div>\n\t\t\t\t<\/div>\n\t\t\t\t\t<\/div>\n\t\t<\/div>\n\t\t\t\t\t<\/div>\n\t\t<\/section>\n\t\t\t\t<section class=\"elementor-section elementor-top-section elementor-element elementor-element-a347d7d elementor-section-boxed elementor-section-height-default elementor-section-height-default\" data-id=\"a347d7d\" data-element_type=\"section\" data-e-type=\"section\" data-settings=\"{&quot;background_background&quot;:&quot;classic&quot;}\">\n\t\t\t\t\t\t<div class=\"elementor-container elementor-column-gap-extended\">\n\t\t\t\t\t<div class=\"elementor-column elementor-col-100 elementor-top-column elementor-element elementor-element-563df47 sc_layouts_column_icons_position_left\" data-id=\"563df47\" data-element_type=\"column\" data-e-type=\"column\">\n\t\t\t<div class=\"elementor-widget-wrap elementor-element-populated\">\n\t\t\t\t\t\t<div class=\"elementor-element elementor-element-4d6af07 sc_fly_static elementor-widget elementor-widget-trx_sc_layouts_title\" data-id=\"4d6af07\" data-element_type=\"widget\" data-e-type=\"widget\" data-widget_type=\"trx_sc_layouts_title.default\">\n\t\t\t\t<div class=\"elementor-widget-container\">\n\t\t\t\t\t<div id=\"trx_sc_layouts_title_40159194\" class=\"sc_layouts_title sc_align_left  trx_addons_inline_1682837997 with_content without_image without_tint fixed_height\"><div class=\"sc_layouts_title_content\"><div class=\"sc_layouts_title_breadcrumbs\"><div class=\"breadcrumbs\"><a class=\"breadcrumbs_item home\" href=\"https:\/\/institutmoulin.com\/en\/\">Home<\/a><span class=\"breadcrumbs_delimiter\"><\/span><span class=\"breadcrumbs_item current\">About Us<\/span><\/div><\/div><\/div><!-- .sc_layouts_title_content --><\/div><!-- \/.sc_layouts_title -->\t\t\t\t<\/div>\n\t\t\t\t<\/div>\n\t\t\t\t\t<\/div>\n\t\t<\/div>\n\t\t\t\t\t<\/div>\n\t\t<\/section>\n\t\t\t\t<section class=\"elementor-section elementor-top-section elementor-element elementor-element-707dabf elementor-section-boxed elementor-section-height-default elementor-section-height-default\" data-id=\"707dabf\" data-element_type=\"section\" data-e-type=\"section\" data-settings=\"{&quot;background_background&quot;:&quot;classic&quot;}\">\n\t\t\t\t\t\t<div class=\"elementor-container elementor-column-gap-extended\">\n\t\t\t\t\t<div class=\"elementor-column elementor-col-100 elementor-top-column elementor-element elementor-element-95a7fa1 sc_layouts_column_icons_position_left\" data-id=\"95a7fa1\" data-element_type=\"column\" data-e-type=\"column\">\n\t\t\t<div class=\"elementor-widget-wrap elementor-element-populated\">\n\t\t\t\t\t\t<div class=\"elementor-element elementor-element-24ff24a sc_fly_static elementor-widget elementor-widget-trx_sc_layouts_title\" data-id=\"24ff24a\" data-element_type=\"widget\" data-e-type=\"widget\" data-widget_type=\"trx_sc_layouts_title.default\">\n\t\t\t\t<div class=\"elementor-widget-container\">\n\t\t\t\t\t<div id=\"trx_sc_layouts_title_1677564576\" class=\"sc_layouts_title sc_align_left  trx_addons_inline_2124434728 with_content without_image without_tint fixed_height\"><div class=\"sc_layouts_title_content\"><div class=\"sc_layouts_title_title\">\t\t\t\t\t\t\t<h1 class=\"sc_layouts_title_caption\">About Us<\/h1>\n\t\t\t\t\t\t\t<\/div><\/div><!-- .sc_layouts_title_content --><\/div><!-- \/.sc_layouts_title -->\t\t\t\t<\/div>\n\t\t\t\t<\/div>\n\t\t\t\t\t<\/div>\n\t\t<\/div>\n\t\t\t\t\t<\/div>\n\t\t<\/section>\n\t\t\t\t<section class=\"elementor-section elementor-top-section elementor-element elementor-element-928537e elementor-section-boxed elementor-section-height-default elementor-section-height-default\" data-id=\"928537e\" data-element_type=\"section\" data-e-type=\"section\">\n\t\t\t\t\t\t<div class=\"elementor-container elementor-column-gap-extended\">\n\t\t\t\t\t<div class=\"elementor-column elementor-col-100 elementor-top-column elementor-element elementor-element-de3e641 sc_layouts_column_icons_position_left\" data-id=\"de3e641\" data-element_type=\"column\" data-e-type=\"column\">\n\t\t\t<div class=\"elementor-widget-wrap elementor-element-populated\">\n\t\t\t\t\t\t<div class=\"elementor-element elementor-element-34016fc sc_fly_static elementor-widget elementor-widget-text-editor\" data-id=\"34016fc\" data-element_type=\"widget\" data-e-type=\"widget\" data-widget_type=\"text-editor.default\">\n\t\t\t\t<div class=\"elementor-widget-container\">\n\t\t\t\t\t\t\t\t\t<p>Nous sommes une petite \u00e9cole \u00e0<strong> taille humaine<\/strong>. Pour nous,<strong> la qualit\u00e9<\/strong> est plus importante que la quantit\u00e9.\u00a0<\/p><p>Id\u00e9alement situ\u00e9, <strong>en plein coeur du quartier historique<\/strong>, l&rsquo;Institut Moulin propose des <strong>cours de fran\u00e7ais langue \u00e9trang\u00e8re<\/strong>, toute l&rsquo;ann\u00e9e, pour tous niveaux, \u00e0 partir de 16 ans.\u00a0<\/p><p>La <strong>dur\u00e9e minimale<\/strong> d\u2019un s\u00e9jour est d\u2019une semaine. Les sessions de cours commencent <strong>chaque lundi<\/strong>.<\/p><p>Afin de favoriser la communication, les cours en groupe s\u2019effectuent\u00a0avec <strong>un nombre limit\u00e9 d\u2019apprenants<\/strong> (8 maximum).<\/p><p>La m\u00e9thode d\u2019enseignement-apprentissage est <strong>la m\u00e9thode actionnelle et communicative<\/strong>. Les supports utilis\u00e9s en cours sont vari\u00e9s.<\/p><p>L\u2019institut forme des groupes de <strong>niveaux homog\u00e8nes<\/strong> s\u2019appuyant sur les crit\u00e8res du <strong>Cadre Europ\u00e9en Commun de R\u00e9f\u00e9rence (le CECR)<\/strong>.<\/p><p>Les diff\u00e9rents niveaux que vous pourrez int\u00e9grer sont <strong>A1, A2, B1, B2, C1<\/strong>.<\/p><p>Pour \u00e9valuer au mieux votre niveau, l\u2019Institut Moulin vous demandera de faire un test de niveau d\u00e8s votre inscription d\u00e9finitive.<\/p><p>&gt;&gt; Voir les diff\u00e9rents niveaux du CECR<\/p><p>A l\u2019issue de votre stage, vous aurez <strong>un certificat<\/strong> attestant de votre pr\u00e9sence et du niveau du CECR des cours suivis.<\/p>\t\t\t\t\t\t\t\t<\/div>\n\t\t\t\t<\/div>\n\t\t\t\t<div class=\"elementor-element elementor-element-2afbfd9 elementor-widget__width-initial sc_fly_static elementor-widget elementor-widget-image\" data-id=\"2afbfd9\" data-element_type=\"widget\" data-e-type=\"widget\" data-widget_type=\"image.default\">\n\t\t\t\t<div class=\"elementor-widget-container\">\n\t\t\t\t\t\t\t\t\t\t\t\t\t\t\t<img fetchpriority=\"high\" decoding=\"async\" width=\"300\" height=\"168\" src=\"https:\/\/institutmoulin.com\/wp-content\/uploads\/2025\/11\/les_trois_filles_attestation_2-300x168.jpg\" class=\"attachment-medium size-medium wp-image-3588\" alt=\"\" srcset=\"https:\/\/institutmoulin.com\/wp-content\/uploads\/2025\/11\/les_trois_filles_attestation_2-300x168.jpg 300w, https:\/\/institutmoulin.com\/wp-content\/uploads\/2025\/11\/les_trois_filles_attestation_2-1024x575.jpg 1024w, https:\/\/institutmoulin.com\/wp-content\/uploads\/2025\/11\/les_trois_filles_attestation_2-768x431.jpg 768w, https:\/\/institutmoulin.com\/wp-content\/uploads\/2025\/11\/les_trois_filles_attestation_2-1536x862.jpg 1536w, https:\/\/institutmoulin.com\/wp-content\/uploads\/2025\/11\/les_trois_filles_attestation_2-2048x1149.jpg 2048w, https:\/\/institutmoulin.com\/wp-content\/uploads\/2025\/11\/les_trois_filles_attestation_2-18x10.jpg 18w, https:\/\/institutmoulin.com\/wp-content\/uploads\/2025\/11\/les_trois_filles_attestation_2-370x208.jpg 370w, https:\/\/institutmoulin.com\/wp-content\/uploads\/2025\/11\/les_trois_filles_attestation_2-1170x658.jpg 1170w, https:\/\/institutmoulin.com\/wp-content\/uploads\/2025\/11\/les_trois_filles_attestation_2-760x427.jpg 760w\" sizes=\"(max-width: 300px) 100vw, 300px\" \/>\t\t\t\t\t\t\t\t\t\t\t\t\t\t\t<\/div>\n\t\t\t\t<\/div>\n\t\t\t\t\t<\/div>\n\t\t<\/div>\n\t\t\t\t\t<\/div>\n\t\t<\/section>\n\t\t\t\t<section class=\"elementor-section elementor-top-section elementor-element elementor-element-e9b624c elementor-section-boxed elementor-section-height-default elementor-section-height-default\" data-id=\"e9b624c\" data-element_type=\"section\" data-e-type=\"section\">\n\t\t\t\t\t\t<div class=\"elementor-container elementor-column-gap-extended\">\n\t\t\t\t\t<div class=\"elementor-column elementor-col-100 elementor-top-column elementor-element elementor-element-10aabc5 sc_layouts_column_icons_position_left\" data-id=\"10aabc5\" data-element_type=\"column\" data-e-type=\"column\">\n\t\t\t<div class=\"elementor-widget-wrap elementor-element-populated\">\n\t\t\t\t\t\t<div class=\"elementor-element elementor-element-005a71a sc_fly_static elementor-widget elementor-widget-heading\" data-id=\"005a71a\" data-element_type=\"widget\" data-e-type=\"widget\" data-widget_type=\"heading.default\">\n\t\t\t\t<div class=\"elementor-widget-container\">\n\t\t\t\t\t<h5 class=\"elementor-heading-title elementor-size-default\">Exp\u00e9riences et Qualifications des Formateurs<\/h5>\t\t\t\t<\/div>\n\t\t\t\t<\/div>\n\t\t\t\t\t<\/div>\n\t\t<\/div>\n\t\t\t\t\t<\/div>\n\t\t<\/section>\n\t\t\t\t<section class=\"elementor-section elementor-top-section elementor-element elementor-element-38c0a52 elementor-section-boxed elementor-section-height-default elementor-section-height-default\" data-id=\"38c0a52\" data-element_type=\"section\" data-e-type=\"section\">\n\t\t\t\t\t\t<div class=\"elementor-container elementor-column-gap-extended\">\n\t\t\t\t\t<div class=\"elementor-column elementor-col-33 elementor-top-column elementor-element elementor-element-e911f98 sc_layouts_column_icons_position_left\" data-id=\"e911f98\" data-element_type=\"column\" data-e-type=\"column\">\n\t\t\t<div class=\"elementor-widget-wrap elementor-element-populated\">\n\t\t\t\t\t\t<div class=\"elementor-element elementor-element-526e9a9 sc_fly_static elementor-widget elementor-widget-image\" data-id=\"526e9a9\" data-element_type=\"widget\" data-e-type=\"widget\" data-widget_type=\"image.default\">\n\t\t\t\t<div class=\"elementor-widget-container\">\n\t\t\t\t\t\t\t\t\t\t\t\t\t\t\t<img decoding=\"async\" width=\"200\" height=\"200\" src=\"https:\/\/institutmoulin.com\/wp-content\/uploads\/2025\/11\/photo_ML_linkedin.jpg\" class=\"attachment-large size-large wp-image-3605\" alt=\"\" srcset=\"https:\/\/institutmoulin.com\/wp-content\/uploads\/2025\/11\/photo_ML_linkedin.jpg 200w, https:\/\/institutmoulin.com\/wp-content\/uploads\/2025\/11\/photo_ML_linkedin-150x150.jpg 150w, https:\/\/institutmoulin.com\/wp-content\/uploads\/2025\/11\/photo_ML_linkedin-12x12.jpg 12w, https:\/\/institutmoulin.com\/wp-content\/uploads\/2025\/11\/photo_ML_linkedin-75x75.jpg 75w, https:\/\/institutmoulin.com\/wp-content\/uploads\/2025\/11\/photo_ML_linkedin-90x90.jpg 90w, https:\/\/institutmoulin.com\/wp-content\/uploads\/2025\/11\/photo_ML_linkedin-112x112.jpg 112w, https:\/\/institutmoulin.com\/wp-content\/uploads\/2025\/11\/photo_ML_linkedin-148x148.jpg 148w\" sizes=\"(max-width: 200px) 100vw, 200px\" \/>\t\t\t\t\t\t\t\t\t\t\t\t\t\t\t<\/div>\n\t\t\t\t<\/div>\n\t\t\t\t\t<\/div>\n\t\t<\/div>\n\t\t\t\t<div class=\"elementor-column elementor-col-33 elementor-top-column elementor-element elementor-element-11b41dc sc_layouts_column_icons_position_left\" data-id=\"11b41dc\" data-element_type=\"column\" data-e-type=\"column\">\n\t\t\t<div class=\"elementor-widget-wrap elementor-element-populated\">\n\t\t\t\t\t\t<div class=\"elementor-element elementor-element-b9e48b1 sc_fly_static elementor-widget elementor-widget-text-editor\" data-id=\"b9e48b1\" data-element_type=\"widget\" data-e-type=\"widget\" data-widget_type=\"text-editor.default\">\n\t\t\t\t<div class=\"elementor-widget-container\">\n\t\t\t\t\t\t\t\t\t<p><strong>Marie-Line Moulin, Directrice et Formatrice<\/strong><\/p><p><a href=\"https:\/\/www.linkedin.com\/in\/marie-line-moulin-40078370\/\">P<\/a><a href=\"https:\/\/www.linkedin.com\/in\/marie-line-moulin-40078370\/\" target=\"_blank\" rel=\"noopener\">rofil Linkedin<\/a><\/p><p>Master 1 Fran\u00e7ais Langue Etrang\u00e8re, 2004, Universit\u00e9 Jean Monnet de Saint-Etienne<\/p><p>15 ans d&rsquo;exp\u00e9rience<\/p>\t\t\t\t\t\t\t\t<\/div>\n\t\t\t\t<\/div>\n\t\t\t\t\t<\/div>\n\t\t<\/div>\n\t\t\t\t<div class=\"elementor-column elementor-col-33 elementor-top-column elementor-element elementor-element-69976ff sc_layouts_column_icons_position_left\" data-id=\"69976ff\" data-element_type=\"column\" data-e-type=\"column\">\n\t\t\t<div class=\"elementor-widget-wrap elementor-element-populated\">\n\t\t\t\t\t\t<div class=\"elementor-element elementor-element-db8c5b9 sc_fly_static elementor-widget elementor-widget-image\" data-id=\"db8c5b9\" data-element_type=\"widget\" data-e-type=\"widget\" data-widget_type=\"image.default\">\n\t\t\t\t<div class=\"elementor-widget-container\">\n\t\t\t\t\t\t\t\t\t\t\t\t\t\t\t\t<a href=\"https:\/\/institutmoulin.com\/wp-content\/uploads\/2025\/11\/CV_site.jpg\">\n\t\t\t\t\t\t\t<img decoding=\"async\" width=\"359\" height=\"238\" src=\"https:\/\/institutmoulin.com\/wp-content\/uploads\/2025\/11\/CV_site.jpg\" class=\"attachment-large size-large wp-image-3606\" alt=\"\" srcset=\"https:\/\/institutmoulin.com\/wp-content\/uploads\/2025\/11\/CV_site.jpg 359w, https:\/\/institutmoulin.com\/wp-content\/uploads\/2025\/11\/CV_site-300x199.jpg 300w, https:\/\/institutmoulin.com\/wp-content\/uploads\/2025\/11\/CV_site-18x12.jpg 18w\" sizes=\"(max-width: 359px) 100vw, 359px\" \/>\t\t\t\t\t\t\t\t<\/a>\n\t\t\t\t\t\t\t\t\t\t\t\t\t\t\t<\/div>\n\t\t\t\t<\/div>\n\t\t\t\t\t<\/div>\n\t\t<\/div>\n\t\t\t\t\t<\/div>\n\t\t<\/section>\n\t\t\t\t<section class=\"elementor-section elementor-top-section elementor-element elementor-element-fbbaea4 elementor-section-boxed elementor-section-height-default elementor-section-height-default\" data-id=\"fbbaea4\" data-element_type=\"section\" data-e-type=\"section\">\n\t\t\t\t\t\t<div class=\"elementor-container elementor-column-gap-extended\">\n\t\t\t\t\t<div class=\"elementor-column elementor-col-100 elementor-top-column elementor-element elementor-element-d436f44 sc_layouts_column_icons_position_left\" data-id=\"d436f44\" data-element_type=\"column\" data-e-type=\"column\">\n\t\t\t<div class=\"elementor-widget-wrap elementor-element-populated\">\n\t\t\t\t\t\t<div class=\"elementor-element elementor-element-062fa97 sc_fly_static elementor-widget elementor-widget-text-editor\" data-id=\"062fa97\" data-element_type=\"widget\" data-e-type=\"widget\" data-widget_type=\"text-editor.default\">\n\t\t\t\t<div class=\"elementor-widget-container\">\n\t\t\t\t\t\t\t\t\t<p>\u25cf Conception des programmes<br \/>\u00a0 \u00a0 \u00a0\u25cf Conception du mat\u00e9riel p\u00e9dagogique : fiches grammaticales, lexicales, d\u2019activit\u00e9s communicatives<br \/>\u00a0 \u00a0 \u00a0\u25cf Gestion du placement<br \/>\u00a0 \u00a0 \u00a0\u25cf Accompagnement des stagiaires<br \/>\u00a0 \u00a0 \u00a0\u25cf Formatrice<\/p><p><em>\u00ab\u00a0Forte d&rsquo;une exp\u00e9rience de 15 ans d&rsquo;enseignement en France et \u00e0 l&rsquo;\u00e9tranger, j&rsquo;ai d\u00e9cid\u00e9 en 2013 de cr\u00e9er ma propre structure et de faire tout ce que j&rsquo;aime: \u00e9changer, communiquer, d\u00e9couvrir, partager, apprendre. Enseigner le fran\u00e7ais langue \u00e9trang\u00e8re est une profession passionnante.\u00a0<\/em><\/p><p><em>J&rsquo;ai enseign\u00e9 le fran\u00e7ais en Ouzb\u00e9kistan, en Slovaquie, en Turquie, en France, dans diverses structures, \u00e0 divers publics. J&rsquo;ai choisi la belle ville de Montpellier pour me fixer en France, et je ne suis pas d\u00e9\u00e7ue de ce choix.\u00a0\u00bb\u00a0<\/em><\/p>\t\t\t\t\t\t\t\t<\/div>\n\t\t\t\t<\/div>\n\t\t\t\t\t<\/div>\n\t\t<\/div>\n\t\t\t\t\t<\/div>\n\t\t<\/section>\n\t\t\t\t<section class=\"elementor-section elementor-top-section elementor-element elementor-element-32d0506 elementor-section-boxed elementor-section-height-default elementor-section-height-default\" data-id=\"32d0506\" data-element_type=\"section\" data-e-type=\"section\">\n\t\t\t\t\t\t<div class=\"elementor-container elementor-column-gap-extended\">\n\t\t\t\t\t<div class=\"elementor-column elementor-col-100 elementor-top-column elementor-element elementor-element-9f53dbb sc_layouts_column_icons_position_left\" data-id=\"9f53dbb\" data-element_type=\"column\" data-e-type=\"column\">\n\t\t\t<div class=\"elementor-widget-wrap elementor-element-populated\">\n\t\t\t\t\t\t<div class=\"elementor-element elementor-element-f5127f9 sc_fly_static elementor-widget elementor-widget-spacer\" data-id=\"f5127f9\" data-element_type=\"widget\" data-e-type=\"widget\" data-widget_type=\"spacer.default\">\n\t\t\t\t<div class=\"elementor-widget-container\">\n\t\t\t\t\t\t\t<div class=\"elementor-spacer\">\n\t\t\t<div class=\"elementor-spacer-inner\"><\/div>\n\t\t<\/div>\n\t\t\t\t\t\t<\/div>\n\t\t\t\t<\/div>\n\t\t\t\t\t<\/div>\n\t\t<\/div>\n\t\t\t\t\t<\/div>\n\t\t<\/section>\n\t\t\t\t<\/div>","protected":false},"excerpt":{"rendered":"<p>HomeQui sommes nous ? Qui sommes nous ? Nous sommes une petite \u00e9cole \u00e0 taille humaine. Pour nous, la qualit\u00e9&hellip;<\/p>","protected":false},"author":1,"featured_media":0,"parent":0,"menu_order":0,"comment_status":"closed","ping_status":"closed","template":"","meta":{"_themeisle_gutenberg_block_has_review":false,"footnotes":""},"class_list":["post-3540","page","type-page","status-publish","hentry"],"_links":{"self":[{"href":"https:\/\/institutmoulin.com\/en\/wp-json\/wp\/v2\/pages\/3540","targetHints":{"allow":["GET"]}}],"collection":[{"href":"https:\/\/institutmoulin.com\/en\/wp-json\/wp\/v2\/pages"}],"about":[{"href":"https:\/\/institutmoulin.com\/en\/wp-json\/wp\/v2\/types\/page"}],"author":[{"embeddable":true,"href":"https:\/\/institutmoulin.com\/en\/wp-json\/wp\/v2\/users\/1"}],"replies":[{"embeddable":true,"href":"https:\/\/institutmoulin.com\/en\/wp-json\/wp\/v2\/comments?post=3540"}],"version-history":[{"count":40,"href":"https:\/\/institutmoulin.com\/en\/wp-json\/wp\/v2\/pages\/3540\/revisions"}],"predecessor-version":[{"id":3787,"href":"https:\/\/institutmoulin.com\/en\/wp-json\/wp\/v2\/pages\/3540\/revisions\/3787"}],"wp:attachment":[{"href":"https:\/\/institutmoulin.com\/en\/wp-json\/wp\/v2\/media?parent=3540"}],"curies":[{"name":"wp","href":"https:\/\/api.w.org\/{rel}","templated":true}]}}